{"id":12,"date":"2026-03-11T10:20:10","date_gmt":"2026-03-11T10:20:10","guid":{"rendered":"http:\/\/calomnie.fr\/?page_id=12"},"modified":"2026-03-11T18:19:51","modified_gmt":"2026-03-11T18:19:51","slug":"accueil","status":"publish","type":"page","link":"https:\/\/calomnie.fr\/","title":{"rendered":"Accueil"},"content":{"rendered":"<div class=\"et_pb_section_0 et_pb_section et_section_regular et_block_section\">\n<div class=\"et_pb_row_0 et_pb_row et_pb_equal_columns et_pb_gutters1 et_block_row\">\n<div class=\"et_pb_column_0 et_pb_column et_pb_column_3_5 et-last-child et_block_column et_pb_css_mix_blend_mode_passthrough\">\n<div class=\"et_pb_text_0 et_pb_text et_pb_bg_layout_light et_pb_module et_block_module preset--module--divi-text--ab768f11-d695-40de-8f29-045c83d7c976\"><div class=\"et_pb_text_inner\"><h4><span style=\"font-weight: 400;\">Les rumeurs vont vite. Nous aussi.<\/span><\/h4>\n<\/div><\/div>\n<\/div>\n<\/div>\n\n<div class=\"et_pb_row_1 et_pb_row et_flex_row\">\n<div class=\"et_pb_column_1 et_pb_column et-last-child et_flex_column et_pb_css_mix_blend_mode_passthrough et_flex_column_24_24 et_flex_column_24_24_tablet et_flex_column_24_24_phone\">\n<div class=\"et_pb_image_0 et_pb_image et_pb_module et_flex_module\"><span class=\"et_pb_image_wrap\"><img loading=\"lazy\" decoding=\"async\" src=\"https:\/\/calomnie.fr\/wp-content\/uploads\/2026\/03\/PHOTO-2026-03-02-09-21-40.jpg\" title=\"PHOTO-2026-03-02-09-21-40\" width=\"716\" height=\"897\" srcset=\"https:\/\/calomnie.fr\/wp-content\/uploads\/2026\/03\/PHOTO-2026-03-02-09-21-40.jpg 716w, https:\/\/calomnie.fr\/wp-content\/uploads\/2026\/03\/PHOTO-2026-03-02-09-21-40-480x601.jpg 480w\" sizes=\"(min-width: 0px) and (max-width: 480px) 480px, (min-width: 481px) 716px, 100vw\" class=\"wp-image-24\" \/><\/span><\/div>\n<\/div>\n<\/div>\n<\/div>\n\n<div class=\"et_pb_section_1 et_pb_section et_section_regular et_block_section\">\n<div class=\"et_pb_row_2 et_pb_row et_block_row\">\n<div class=\"et_pb_column_2 et_pb_column et_pb_column_4_4 et-last-child et_block_column et_pb_css_mix_blend_mode_passthrough\">\n<div class=\"et_pb_text_1 et_pb_text et_pb_bg_layout_light et_pb_module et_block_module preset--module--divi-text--acb28e88-8719-423d-8754-0df80f5279e3\"><div class=\"et_pb_text_inner\" data-et-mv-hidden-phone=\"true\"><h1 style=\"text-align: right;\"><span style=\"color: #ffffff;\">ILS EN PARLERONT...<\/span><\/h1>\n<\/div><\/div>\n\n<div class=\"et_pb_text_2 et_pb_text et_pb_bg_layout_light et_pb_module et_block_module preset--module--divi-text--199e7290-155e-457b-93f6-1d100b0d5b43\"><div class=\"et_pb_text_inner\"><p style=\"text-align: right;\"><span style=\"font-weight: 400;\"><strong>La communication<\/strong> <strong>n\u2019a jamais \u00e9t\u00e9<\/strong> aussi pr\u00e9sente. <\/span><\/p>\n<p style=\"text-align: right;\">Et rarement <strong>aussi creuse.<\/strong><\/p>\n<p style=\"text-align: right;\"><span style=\"font-weight: 400;\">On publie plus. <\/span><\/p>\n<p style=\"text-align: right;\"><span style=\"font-weight: 400;\">On automatise plus. <\/span><\/p>\n<p style=\"text-align: right;\"><span style=\"font-weight: 400;\">On optimise plus. <\/span><\/p>\n<p style=\"text-align: right;\"><span style=\"font-weight: 400;\">Mais on dit moins.<\/span><\/p>\n<p style=\"text-align: right;\"><span style=\"font-weight: 400;\">AGENCE CALOMNIE est n\u00e9e d\u2019un refus, <\/span><\/p>\n<p style=\"text-align: right;\"><span style=\"font-weight: 400;\">celui d\u2019une communication :<\/span><\/p>\n<p style=\"text-align: right;\"><span style=\"font-weight: 400;\">Sans relief, <\/span><\/p>\n<p style=\"text-align: right;\"><span style=\"font-weight: 400;\">Sans courage, <\/span><\/p>\n<p style=\"text-align: right;\"><span style=\"font-weight: 400;\">Sans humanit\u00e9. <\/span><\/p>\n<p style=\"text-align: right;\"><strong>Nous croyons aux mots justes.<\/strong><\/p>\n<p style=\"text-align: right;\"><span style=\"font-weight: 400;\"> <\/span><span style=\"font-weight: 400;\">\u00c0 la nuance. <\/span><\/p>\n<p style=\"text-align: right;\"><span style=\"font-weight: 400;\">\u00c0 l\u2019intelligence du public. <\/span><\/p>\n<p style=\"text-align: right;\"><span style=\"font-weight: 400;\">Nous ne cherchons pas \u00e0 occuper l\u2019espace. <\/span><\/p>\n<p style=\"text-align: right;\"><strong>Nous cherchons \u00e0 marquer les esprits.<\/strong><\/p>\n<\/div><\/div>\n<\/div>\n<\/div>\n<\/div>\n\n<div class=\"et_pb_section_2 et_pb_section et_section_regular et_block_section\">\n<div class=\"et_pb_row_3 et_pb_row et_pb_row_3-4_1-4 et_block_row et_block_row_3-4_1-4\">\n<div class=\"et_pb_column_3 et_pb_column et_pb_column_3_4 et_block_column et_pb_css_mix_blend_mode_passthrough\">\n<div class=\"et_pb_text_3 et_pb_text et_pb_bg_layout_light et_pb_module et_block_module et_pb_text_align_right preset--module--divi-text--dec83730-bc41-46c8-ab49-82f20323407c\"><div class=\"et_pb_text_inner\" data-et-mv-hidden-phone=\"true\"><h2>strat\u00e9gie<\/h2>\n<\/div><\/div>\n\n<div class=\"et_pb_dropdown_0 et_pb_dropdown et_pb_dropdown_hidden et_pb_module et_flex_module\" data-show-dropdown-on=\"hover\" data-dropdown-direction=\"below\" data-dropdown-alignment=\"start\" data-dropdown-offset=\"20px\" data-dropdown-position=\"floating\"><\/div>\n\n<div class=\"et_pb_text_4 et_pb_text et_pb_bg_layout_light et_pb_module et_block_module et_pb_text_align_right preset--module--divi-text--199e7290-155e-457b-93f6-1d100b0d5b43\"><div class=\"et_pb_text_inner\"><p><span style=\"font-weight: 400;\">Avant de parler,<\/span><\/p>\n<p><span style=\"font-weight: 400;\">on r\u00e9fl\u00e9chit.<\/span><\/p>\n<p><span style=\"font-weight: 400;\">La communication efficace commence rarement par un post.<\/span><span style=\"font-weight: 400;\"><br \/><\/span><span style=\"font-weight: 400;\"> Elle commence par une vision claire.<\/span><\/p>\n<ul>\n<li style=\"font-weight: 400; text-align: left;\" aria-level=\"1\"><span style=\"font-weight: 400;\">Audit de marque<\/span><\/li>\n<li style=\"font-weight: 400; text-align: left;\" aria-level=\"1\"><span style=\"font-weight: 400;\">Analyse concurrentielle<\/span><\/li>\n<li style=\"font-weight: 400; text-align: left;\" aria-level=\"1\"><span style=\"font-weight: 400;\">Strat\u00e9gie de communication 360\u00b0<\/span><\/li>\n<\/ul>\n<p><span style=\"font-weight: 400;\">Nous ne produisons pas de bruit. <\/span><\/p>\n<p><span style=\"font-weight: 400;\">Nous construisons une direction.<\/span><\/p>\n<\/div><\/div>\n<\/div>\n\n<div class=\"et_pb_column_4 et_pb_column et_pb_column_1_4 et-last-child et_block_column et_pb_css_mix_blend_mode_passthrough\">\n<div class=\"et_pb_module et_pb_button_module_wrapper et_pb_button_0_wrapper preset--module--divi-button--82f0effe-f076-4da7-a911-b5fdeef8f551_wrapper\"><a class=\"et_pb_button_0 et_pb_button et_pb_bg_layout_light et_pb_module et_block_module preset--module--divi-button--82f0effe-f076-4da7-a911-b5fdeef8f551\" href=\"\">Learn More<\/a><\/div>\n<\/div>\n<\/div>\n\n<div class=\"et_pb_row_4 et_pb_row et_pb_row_3-4_1-4 et_block_row et_block_row_3-4_1-4\">\n<div class=\"et_pb_column_5 et_pb_column et_pb_column_3_4 et_block_column et_pb_css_mix_blend_mode_passthrough\">\n<div class=\"et_pb_text_5 et_pb_text et_pb_bg_layout_light et_pb_module et_block_module et_pb_text_align_right preset--module--divi-text--dec83730-bc41-46c8-ab49-82f20323407c\"><div class=\"et_pb_text_inner\" data-et-mv-hidden-phone=\"true\"><h2>cr\u00e9ation<\/h2>\n<\/div><\/div>\n\n<div class=\"et_pb_text_6 et_pb_text et_pb_bg_layout_light et_pb_module et_block_module et_pb_text_align_right preset--module--divi-text--199e7290-155e-457b-93f6-1d100b0d5b43\"><div class=\"et_pb_text_inner\"><p><span style=\"font-weight: 400;\">Faire joli,<\/span><\/p>\n<p><span style=\"font-weight: 400;\">c\u2019est facile.<\/span><\/p>\n<p><span style=\"font-weight: 400;\">Faire juste,<\/span><\/p>\n<p><span style=\"font-weight: 400;\">c\u2019est un m\u00e9tier.<\/span><\/p>\n<p><span style=\"font-weight: 400;\">Cr\u00e9er du contenu n\u2019est pas produire des images.<\/span><span style=\"font-weight: 400;\"><br \/><\/span><span style=\"font-weight: 400;\"> C\u2019est produire du sens.<\/span><\/p>\n<ul>\n<li style=\"font-weight: 400; text-align: left;\" aria-level=\"1\"><span style=\"font-weight: 400;\">Identit\u00e9 visuelle et logo<\/span><\/li>\n<li style=\"font-weight: 400; text-align: left;\" aria-level=\"1\"><span style=\"font-weight: 400;\">Supports print<\/span><\/li>\n<li style=\"font-weight: 400; text-align: left;\" aria-level=\"1\"><span style=\"font-weight: 400;\">R\u00e9daction SEO<\/span><\/li>\n<li style=\"font-weight: 400; text-align: left;\" aria-level=\"1\"><span style=\"font-weight: 400;\">Newsletter design &amp; contenu<\/span><\/li>\n<\/ul>\n<p><span style=\"font-weight: 400;\">Parce que votre image parle avant vous.<\/span><\/p>\n<\/div><\/div>\n<\/div>\n\n<div class=\"et_pb_column_6 et_pb_column et_pb_column_1_4 et-last-child et_block_column et_pb_css_mix_blend_mode_passthrough\">\n<div class=\"et_pb_module et_pb_button_module_wrapper et_pb_button_1_wrapper preset--module--divi-button--82f0effe-f076-4da7-a911-b5fdeef8f551_wrapper\"><a class=\"et_pb_button_1 et_pb_button et_pb_bg_layout_light et_pb_module et_block_module preset--module--divi-button--82f0effe-f076-4da7-a911-b5fdeef8f551\" href=\"\">Learn More<\/a><\/div>\n<\/div>\n<\/div>\n\n<div class=\"et_pb_row_5 et_pb_row et_pb_row_3-4_1-4 et_block_row et_block_row_3-4_1-4\">\n<div class=\"et_pb_column_7 et_pb_column et_pb_column_3_4 et_block_column et_pb_css_mix_blend_mode_passthrough\">\n<div class=\"et_pb_text_7 et_pb_text et_pb_bg_layout_light et_pb_module et_block_module et_pb_text_align_right preset--module--divi-text--dec83730-bc41-46c8-ab49-82f20323407c\"><div class=\"et_pb_text_inner\"><h2>activation<\/h2>\n<\/div><\/div>\n\n<div class=\"et_pb_text_8 et_pb_text et_pb_bg_layout_light et_pb_module et_block_module et_pb_text_align_right preset--module--divi-text--199e7290-155e-457b-93f6-1d100b0d5b43\"><div class=\"et_pb_text_inner\"><p><span style=\"font-weight: 400;\">Publier ne suffit pas.<\/span><span style=\"font-weight: 400;\"><br \/><\/span><span style=\"font-weight: 400;\"> Il faut compter.<\/span><\/p>\n<p><span style=\"font-weight: 400;\">Caption :<\/span><\/p>\n<p><span style=\"font-weight: 400;\">\u00catre visible ne signifie pas \u00eatre influent.<\/span><\/p>\n<ul>\n<li style=\"font-weight: 400; text-align: left;\" aria-level=\"1\"><span style=\"font-weight: 400;\">Community management<\/span><\/li>\n<li style=\"font-weight: 400; text-align: left;\" aria-level=\"1\"><span style=\"font-weight: 400;\">Publicit\u00e9 digitale<\/span><\/li>\n<li style=\"font-weight: 400; text-align: left;\" aria-level=\"1\"><span style=\"font-weight: 400;\">Influence marketing<\/span><\/li>\n<li style=\"font-weight: 400; text-align: left;\" aria-level=\"1\"><span style=\"font-weight: 400;\">Activation terrain et street marketing<\/span><\/li>\n<\/ul>\n<p><span style=\"font-weight: 400;\">Nous transformons l\u2019attention en impact.<\/span><\/p>\n<\/div><\/div>\n<\/div>\n\n<div class=\"et_pb_column_8 et_pb_column et_pb_column_1_4 et-last-child et_block_column et_pb_css_mix_blend_mode_passthrough\">\n<div class=\"et_pb_module et_pb_button_module_wrapper et_pb_button_2_wrapper preset--module--divi-button--82f0effe-f076-4da7-a911-b5fdeef8f551_wrapper\"><a class=\"et_pb_button_2 et_pb_button et_pb_bg_layout_light et_pb_module et_block_module preset--module--divi-button--82f0effe-f076-4da7-a911-b5fdeef8f551\" href=\"\">Learn More<\/a><\/div>\n<\/div>\n<\/div>\n\n<div class=\"et_pb_row_6 et_pb_row et_pb_row_3-4_1-4 et_block_row et_block_row_3-4_1-4\">\n<div class=\"et_pb_column_9 et_pb_column et_pb_column_3_4 et_block_column et_pb_css_mix_blend_mode_passthrough\">\n<div class=\"et_pb_text_9 et_pb_text et_pb_bg_layout_light et_pb_module et_block_module et_pb_text_align_right preset--module--divi-text--dec83730-bc41-46c8-ab49-82f20323407c\"><div class=\"et_pb_text_inner\" data-et-mv-hidden-phone=\"true\"><h2><b>EXP\u00c9RIENCES &amp; INNOVATION<\/b><\/h2>\n<\/div><\/div>\n\n<div class=\"et_pb_text_10 et_pb_text et_pb_bg_layout_light et_pb_module et_block_module et_pb_text_align_right preset--module--divi-text--199e7290-155e-457b-93f6-1d100b0d5b43\"><div class=\"et_pb_text_inner\"><p><span style=\"font-weight: 400;\">On ne capte plus l\u2019attention.<\/span><span style=\"font-weight: 400;\"><br \/><\/span><span style=\"font-weight: 400;\"> On la m\u00e9rite.<\/span><\/p>\n<p><span style=\"font-weight: 400;\">Les publics n\u2019\u00e9coutent plus les marques.<\/span><span style=\"font-weight: 400;\"><br \/><\/span><span style=\"font-weight: 400;\"> Ils vivent des exp\u00e9riences.<\/span><\/p>\n<ul>\n<li style=\"font-weight: 400; text-align: left;\" aria-level=\"1\"><span style=\"font-weight: 400;\">Exp\u00e9riences immersives<\/span><\/li>\n<li style=\"font-weight: 400; text-align: left;\" aria-level=\"1\"><span style=\"font-weight: 400;\">Concepts disruptifs\u00a0<\/span><\/li>\n<li style=\"font-weight: 400; text-align: left;\" aria-level=\"1\"><span style=\"font-weight: 400;\">Podcasts de marque<\/span><\/li>\n<li style=\"font-weight: 400; text-align: left;\" aria-level=\"1\"><span style=\"font-weight: 400;\">Formats web innovants<\/span><\/li>\n<\/ul>\n<p><span style=\"font-weight: 400;\">Nous concevons ce dont on parle\u2026 m\u00eame apr\u00e8s.<\/span><\/p>\n<\/div><\/div>\n<\/div>\n\n<div class=\"et_pb_column_10 et_pb_column et_pb_column_1_4 et-last-child et_block_column et_pb_css_mix_blend_mode_passthrough\">\n<div class=\"et_pb_module et_pb_button_module_wrapper et_pb_button_3_wrapper preset--module--divi-button--82f0effe-f076-4da7-a911-b5fdeef8f551_wrapper\"><a class=\"et_pb_button_3 et_pb_button et_pb_bg_layout_light et_pb_module et_block_module preset--module--divi-button--82f0effe-f076-4da7-a911-b5fdeef8f551\" href=\"\">Learn More<\/a><\/div>\n<\/div>\n<\/div>\n\n<div class=\"et_pb_row_7 et_pb_row et_pb_row_3-4_1-4 et_block_row et_block_row_3-4_1-4\">\n<div class=\"et_pb_column_11 et_pb_column et_pb_column_3_4 et_block_column et_pb_css_mix_blend_mode_passthrough\">\n<div class=\"et_pb_text_11 et_pb_text et_pb_bg_layout_light et_pb_module et_block_module et_pb_text_align_right preset--module--divi-text--dec83730-bc41-46c8-ab49-82f20323407c\"><div class=\"et_pb_text_inner\"><h2>\u00e9v\u00e9nementiel<\/h2>\n<\/div><\/div>\n\n<div class=\"et_pb_text_12 et_pb_text et_pb_bg_layout_light et_pb_module et_block_module et_pb_text_align_right preset--module--divi-text--199e7290-155e-457b-93f6-1d100b0d5b43\"><div class=\"et_pb_text_inner\"><p><span style=\"font-weight: 400;\">Un bon \u00e9v\u00e9nement se voit.<\/span><span style=\"font-weight: 400;\"><br \/><\/span><span style=\"font-weight: 400;\"> Un grand \u00e9v\u00e9nement se raconte.<\/span><\/p>\n<p><span style=\"font-weight: 400;\">Un \u00e9v\u00e9nement n\u2019est pas une soir\u00e9e.<\/span><span style=\"font-weight: 400;\"><br \/><\/span><span style=\"font-weight: 400;\"> C\u2019est un moment de marque.<\/span><\/p>\n<ul>\n<li style=\"font-weight: 400; text-align: left;\" aria-level=\"1\"><span style=\"font-weight: 400;\">\u00c9v\u00e9nements corporate<\/span><\/li>\n<li style=\"font-weight: 400; text-align: left;\" aria-level=\"1\"><span style=\"font-weight: 400;\">Lancements et ouvertures\u00a0<\/span><\/li>\n<li style=\"font-weight: 400; text-align: left;\" aria-level=\"1\"><span style=\"font-weight: 400;\">Exp\u00e9riences \u00e9ph\u00e9m\u00e8res<\/span><\/li>\n<li style=\"font-weight: 400; text-align: left;\" aria-level=\"1\"><span style=\"font-weight: 400;\">Sc\u00e9nographie &amp; design<\/span><\/li>\n<\/ul>\n<p><span style=\"font-weight: 400;\">Nous cr\u00e9ons ce dont vos invit\u00e9s parleront encore demain.<\/span><\/p>\n<\/div><\/div>\n<\/div>\n\n<div class=\"et_pb_column_12 et_pb_column et_pb_column_1_4 et-last-child et_block_column et_pb_css_mix_blend_mode_passthrough\">\n<div class=\"et_pb_module et_pb_button_module_wrapper et_pb_button_4_wrapper preset--module--divi-button--82f0effe-f076-4da7-a911-b5fdeef8f551_wrapper\"><a class=\"et_pb_button_4 et_pb_button et_pb_bg_layout_light et_pb_module et_block_module preset--module--divi-button--82f0effe-f076-4da7-a911-b5fdeef8f551\" href=\"\">Learn More<\/a><\/div>\n<\/div>\n<\/div>\n<\/div>\n\n<div class=\"et_pb_section_3 et_pb_section et_section_regular et_block_section\">\n<div class=\"et_pb_row_8 et_pb_row et_block_row\">\n<div class=\"et_pb_column_13 et_pb_column et_pb_column_4_4 et-last-child et_block_column et_pb_css_mix_blend_mode_passthrough\">\n<div class=\"et_pb_text_13 et_pb_text et_pb_bg_layout_light et_pb_module et_block_module preset--module--divi-text--ab768f11-d695-40de-8f29-045c83d7c976\"><div class=\"et_pb_text_inner\"><h4>Calomnie<\/h4>\n<\/div><\/div>\n<\/div>\n<\/div>\n\n<div class=\"et_pb_row_9 et_pb_row et_block_row\">\n<div class=\"et_pb_column_14 et_pb_column et_pb_column_3_5 et_block_column et_pb_css_mix_blend_mode_passthrough\">\n<div class=\"et_pb_text_14 et_pb_text et_pb_bg_layout_light et_pb_module et_block_module preset--module--divi-text--acb28e88-8719-423d-8754-0df80f5279e3\"><div class=\"et_pb_text_inner\"><h2>Notre signature<\/h2>\n<\/div><\/div>\n\n<div class=\"et_pb_text_15 et_pb_text et_pb_bg_layout_light et_pb_module et_block_module preset--module--divi-text--1a892400-429c-41c1-8555-f44521375099\"><div class=\"et_pb_text_inner\"><p><span style=\"font-weight: 400;\">Apr\u00e8s la strat\u00e9gie, la cr\u00e9ation, l\u2019activation, l\u2019innovation et l\u2019\u00e9v\u00e9nementiel, il reste l\u2019essentiel :<\/span><\/p>\n<p><strong>L\u2019impact.<\/strong><\/p>\n<p><span style=\"font-weight: 400;\">Nous aidons les marques \u00e0 trouver leur ton \u2014 juste, vrai, assum\u00e9 \u2014 et \u00e0 le faire entendre l\u00e0 o\u00f9 cela compte.<\/span><\/p>\n<p><span style=\"font-weight: 400;\">Entreprises, institutions, entrepreneurs, acteurs culturels :<\/span><span style=\"font-weight: 400;\"><br \/><\/span><span style=\"font-weight: 400;\"> si vous avez quelque chose \u00e0 dire, nous savons comment le faire exister.<\/span><\/p>\n<\/div><\/div>\n\n<div class=\"et_pb_module et_pb_button_module_wrapper et_pb_button_5_wrapper preset--module--divi-button--82f0effe-f076-4da7-a911-b5fdeef8f551_wrapper\"><a class=\"et_pb_button_5 et_pb_button et_pb_bg_layout_light et_pb_module et_block_module preset--module--divi-button--82f0effe-f076-4da7-a911-b5fdeef8f551\" href=\"\">Learn More<\/a><\/div>\n<\/div>\n\n<div class=\"et_pb_column_15 et_pb_column et_pb_column_2_5 et-last-child et_block_column et_pb_css_mix_blend_mode_passthrough\">\n<div class=\"et_pb_image_1 et_pb_image et_pb_module et_block_module\"><span class=\"et_pb_image_wrap\"><img loading=\"lazy\" decoding=\"async\" src=\"https:\/\/calomnie.fr\/wp-content\/uploads\/2026\/03\/seo-specialist-illustration-07@2x.png\" width=\"200\" height=\"200\" srcset=\"https:\/\/calomnie.fr\/wp-content\/uploads\/2026\/03\/seo-specialist-illustration-07@2x.png 200w, https:\/\/calomnie.fr\/wp-content\/uploads\/2026\/03\/seo-specialist-illustration-07@2x-150x150.png 150w\" sizes=\"(max-width: 200px) 100vw, 200px\" class=\"wp-image-18\" title=\"seo-specialist-illustration-07@2x\" \/><\/span><\/div>\n<\/div>\n<\/div>\n<\/div>\n\n<div class=\"et_pb_section_4 et_pb_section et_section_specialty et_pb_gutters1 et_block_section\"><div class=\"et_pb_row et_block_row\">\n<div class=\"et_pb_column_16 et_pb_column et_pb_column_single et_pb_column_1_2 et_block_column et_pb_css_mix_blend_mode_passthrough\">\n<div class=\"et_pb_image_2 et_pb_image et_pb_module et_block_module\"><span class=\"et_pb_image_wrap\"><img loading=\"lazy\" decoding=\"async\" src=\"https:\/\/calomnie.fr\/wp-content\/uploads\/2026\/03\/PHOTO-2026-03-02-09-29-17.jpg\" title=\"PHOTO-2026-03-02-09-29-17\" width=\"943\" height=\"1245\" srcset=\"https:\/\/calomnie.fr\/wp-content\/uploads\/2026\/03\/PHOTO-2026-03-02-09-29-17.jpg 943w, https:\/\/calomnie.fr\/wp-content\/uploads\/2026\/03\/PHOTO-2026-03-02-09-29-17-480x634.jpg 480w\" sizes=\"(min-width: 0px) and (max-width: 480px) 480px, (min-width: 481px) 943px, 100vw\" class=\"wp-image-33\" \/><\/span><\/div>\n<\/div>\n\n<div class=\"et_pb_column_17 et_pb_column et_pb_specialty_column et_pb_column_1_2 et-last-child et_block_column et_pb_css_mix_blend_mode_passthrough\">\n<div class=\"et_pb_row_inner_0 et_pb_row_inner et_block_row\">\n<div class=\"et_pb_column_inner_0 et_pb_column_inner et_pb_column et_pb_column_4_4 et-last-child et_block_column et_pb_css_mix_blend_mode_passthrough\">\n<div class=\"et_pb_text_16 et_pb_text et_pb_bg_layout_light et_pb_module et_block_module preset--module--divi-text--c47f6e00-a2c3-43fd-994e-add9f0eb613a\"><div class=\"et_pb_text_inner\"><h4><span style=\"font-size: large;\">CALOMNIE, EXPERTS EN COMMUNICATION<\/span><\/h4>\n<\/div><\/div>\n<\/div>\n<\/div>\n\n<div class=\"et_pb_row_inner_1 et_pb_row_inner et_block_row\">\n<div class=\"et_pb_column_inner_1 et_pb_column_inner et_pb_column et_pb_column_4_4 et-last-child et_block_column et_pb_css_mix_blend_mode_passthrough\">\n<div class=\"et_pb_text_17 et_pb_text et_pb_bg_layout_light et_pb_module et_block_module preset--module--divi-text--ab768f11-d695-40de-8f29-045c83d7c976\"><div class=\"et_pb_text_inner\"><h4>Email<\/h4>\n<\/div><\/div>\n\n<div class=\"et_pb_text_18 et_pb_text et_pb_bg_layout_light et_pb_module et_block_module et_pb_text_align_right preset--module--divi-text--ab768f11-d695-40de-8f29-045c83d7c976\"><div class=\"et_pb_text_inner\"><h4><a href=\"mailto:#\">contact@calomnie.fr<\/a><\/h4>\n<\/div><\/div>\n<\/div>\n<\/div>\n\n<div class=\"et_pb_row_inner_2 et_pb_row_inner et_block_row\">\n<div class=\"et_pb_column_inner_2 et_pb_column_inner et_pb_column et_pb_column_4_4 et-last-child et_block_column et_pb_css_mix_blend_mode_passthrough\">\n<div class=\"et_pb_text_19 et_pb_text et_pb_bg_layout_light et_pb_module et_block_module preset--module--divi-text--ab768f11-d695-40de-8f29-045c83d7c976\"><div class=\"et_pb_text_inner\"><h4>T\u00e9l\u00e9Phone<\/h4>\n<\/div><\/div>\n\n<div class=\"et_pb_text_20 et_pb_text et_pb_bg_layout_light et_pb_module et_block_module et_pb_text_align_right preset--module--divi-text--ab768f11-d695-40de-8f29-045c83d7c976\"><div class=\"et_pb_text_inner\"><h4>06 10 52 72 64\u00a0<\/h4>\n<\/div><\/div>\n<\/div>\n<\/div>\n\n<div class=\"et_pb_row_inner_3 et_pb_row_inner et_block_row\">\n<div class=\"et_pb_column_inner_3 et_pb_column_inner et_pb_column et_pb_column_4_4 et-last-child et_block_column et_pb_css_mix_blend_mode_passthrough\">\n<div class=\"et_pb_module et_pb_button_module_wrapper et_pb_button_6_wrapper preset--module--divi-button--82f0effe-f076-4da7-a911-b5fdeef8f551_wrapper\"><a class=\"et_pb_button_6 et_pb_button et_pb_bg_layout_light et_pb_bg_layout_light_phone et_pb_module et_block_module preset--module--divi-button--82f0effe-f076-4da7-a911-b5fdeef8f551\" href=\"mailto:%20contact@calomnie.fr%20\" target=\"_blank\">PRENDRE UN RDV<\/a><\/div>\n\n<ul class=\"et_pb_social_media_follow_0 et_pb_social_media_follow clearfix et_pb_bg_layout_light et_pb_text_align_right et_pb_module et_block_module\">\n<li class=\"et_pb_social_media_follow_network_0 et_pb_social_media_follow_network et_pb_social_icon et_pb_social_network_link et-social-linkedin et_pb_module et_flex_module\"><a href=\"https:\/\/www.linkedin.com\/company\/calomnie\/?viewAsMember=true\" class=\"icon\" target=\"_self\" title=\"Suivre sur LinkedIn\" rel=\"noopener\"><span class=\"et_pb_social_media_follow_network_name\">Suivre<\/span><\/a><\/li>\n\n<li class=\"et_pb_social_media_follow_network_1 et_pb_social_media_follow_network et_pb_social_icon et_pb_social_network_link et-social-instagram et_pb_module et_flex_module\"><a href=\"https:\/\/www.instagram.com\/calomnie.fr\/\" class=\"icon\" target=\"_self\" title=\"Suivre sur Instagram\" rel=\"noopener\"><span class=\"et_pb_social_media_follow_network_name\">Suivre<\/span><\/a><\/li>\n<\/ul>\n<\/div>\n<\/div>\n<\/div>\n<\/div><\/div>","protected":false},"excerpt":{"rendered":"","protected":false},"author":1,"featured_media":0,"parent":0,"menu_order":0,"comment_status":"closed","ping_status":"closed","template":"","meta":{"footnotes":""},"class_list":["post-12","page","type-page","status-publish","hentry"],"_links":{"self":[{"href":"https:\/\/calomnie.fr\/index.php\/wp-json\/wp\/v2\/pages\/12","targetHints":{"allow":["GET"]}}],"collection":[{"href":"https:\/\/calomnie.fr\/index.php\/wp-json\/wp\/v2\/pages"}],"about":[{"href":"https:\/\/calomnie.fr\/index.php\/wp-json\/wp\/v2\/types\/page"}],"author":[{"embeddable":true,"href":"https:\/\/calomnie.fr\/index.php\/wp-json\/wp\/v2\/users\/1"}],"replies":[{"embeddable":true,"href":"https:\/\/calomnie.fr\/index.php\/wp-json\/wp\/v2\/comments?post=12"}],"version-history":[{"count":52,"href":"https:\/\/calomnie.fr\/index.php\/wp-json\/wp\/v2\/pages\/12\/revisions"}],"predecessor-version":[{"id":131,"href":"https:\/\/calomnie.fr\/index.php\/wp-json\/wp\/v2\/pages\/12\/revisions\/131"}],"wp:attachment":[{"href":"https:\/\/calomnie.fr\/index.php\/wp-json\/wp\/v2\/media?parent=12"}],"curies":[{"name":"wp","href":"https:\/\/api.w.org\/{rel}","templated":true}]}}